{"id":961,"date":"2023-07-26T11:11:16","date_gmt":"2023-07-26T09:11:16","guid":{"rendered":"https:\/\/lcl-optika.hr\/?post_type=product&#038;p=961"},"modified":"2023-08-02T09:33:31","modified_gmt":"2023-08-02T07:33:31","slug":"myday-toric-daily","status":"publish","type":"product","link":"https:\/\/lcl-optika.hr\/hr\/product\/mojdan-toric-dnevno\/","title":{"rendered":"MyDay Toric (dnevno)"},"content":{"rendered":"<div class=\"flex flex-grow flex-col gap-3\">\n<div class=\"min-h-[20px] flex items-start overflow-x-auto whitespace-pre-wrap break-words flex-col gap-4\">\n<div class=\"markdown prose w-full break-words dark:prose-invert light\">\n<p>Otkrijte prakti\u010dnost i udobnost MyDay le\u0107a za o\u010di. Ove dnevne jednokratne le\u0107e nude jasan i o\u0161tar vid, \u0161to ih \u010dini savr\u0161enim za va\u0161 u\u017eurbani stil \u017eivota. S elegantnim dizajnom i glatkom povr\u0161inom le\u0107e, MyDay le\u0107e pru\u017eaju udobno pristajanje tijekom cijelog dana. Do\u017eivite jednostavno i higijensko no\u0161enje le\u0107a bez potrebe za \u010di\u0161\u0107enjem ili odr\u017eavanjem. U\u017eivajte u slobodi MyDay o\u010dnih le\u0107a, pru\u017eaju\u0107i jasan vid i udobnost, dan po dan.<\/p>\n<\/div>\n<\/div>\n<\/div>","protected":false},"excerpt":{"rendered":"<table>\n<tbody>\n<tr>\n<td>8,6 mm (osnovna krivulja)<\/td>\n<\/tr>\n<tr>\n<td>14,5 mm (promjer)<\/td>\n<\/tr>\n<tr>\n<td>-9,00 do +4,00 D (snaga)<\/td>\n<\/tr>\n<\/tbody>\n<\/table>","protected":false},"featured_media":936,"comment_status":"open","ping_status":"closed","template":"","meta":{"site-sidebar-layout":"default","site-content-layout":"default","ast-site-content-layout":"","site-content-style":"default","site-sidebar-style":"default","ast-global-header-display":"","ast-banner-title-visibility":"","ast-main-header-display":"","ast-hfb-above-header-display":"","ast-hfb-below-header-display":"","ast-hfb-mobile-header-display":"","site-post-title":"","ast-breadcrumbs-content":"","ast-featured-img":"","footer-sml-layout":"","theme-transparent-header-meta":"default","adv-header-id-meta":"","stick-header-meta":"default","header-above-stick-meta":"","header-main-stick-meta":"","header-below-stick-meta":"","astra-migrate-meta-layouts":"default","ast-page-background-enabled":"default","ast-page-background-meta":{"desktop":{"background-color":"var(--ast-global-color-4)","background-image":"","background-repeat":"repeat","background-position":"center center","background-size":"auto","background-attachment":"scroll","background-type":"","background-media":"","overlay-type":"","overlay-color":"","overlay-opacity":"","overlay-gradient":""},"tablet":{"background-color":"","background-image":"","background-repeat":"repeat","background-position":"center center","background-size":"auto","background-attachment":"scroll","background-type":"","background-media":"","overlay-type":"","overlay-color":"","overlay-opacity":"","overlay-gradient":""},"mobile":{"background-color":"","background-image":"","background-repeat":"repeat","background-position":"center center","background-size":"auto","background-attachment":"scroll","background-type":"","background-media":"","overlay-type":"","overlay-color":"","overlay-opacity":"","overlay-gradient":""}},"ast-content-background-meta":{"desktop":{"background-color":"var(--ast-global-color-5)","background-image":"","background-repeat":"repeat","background-position":"center center","background-size":"auto","background-attachment":"scroll","background-type":"","background-media":"","overlay-type":"","overlay-color":"","overlay-opacity":"","overlay-gradient":""},"tablet":{"background-color":"var(--ast-global-color-5)","background-image":"","background-repeat":"repeat","background-position":"center center","background-size":"auto","background-attachment":"scroll","background-type":"","background-media":"","overlay-type":"","overlay-color":"","overlay-opacity":"","overlay-gradient":""},"mobile":{"background-color":"var(--ast-global-color-5)","background-image":"","background-repeat":"repeat","background-position":"center center","background-size":"auto","background-attachment":"scroll","background-type":"","background-media":"","overlay-type":"","overlay-color":"","overlay-opacity":"","overlay-gradient":""}}},"product_cat":[45],"product_tag":[],"class_list":{"0":"post-961","1":"product","2":"type-product","3":"status-publish","4":"has-post-thumbnail","6":"product_cat-contact-lenses","7":"desktop-align-center","8":"tablet-align-left","9":"mobile-align-left","10":"ast-product-gallery-layout-first-image-large","11":"ast-product-gallery-with-no-image","12":"ast-product-tabs-layout-distributed","13":"ast-qv-on-image","15":"first","16":"instock","17":"shipping-taxable","18":"product-type-simple"},"yoast_head":"<!-- This site is optimized with the Yoast SEO plugin v23.6 - https:\/\/yoast.com\/wordpress\/plugins\/seo\/ -->\n<title>MyDay Toric (Daily) | LCL Optika<\/title>\n<meta name=\"description\" content=\"Discover the convenience and comfort of MyDay eye lenses. These daily disposable lenses offer clear and sharp vision, making them perfect for...\" \/>\n<meta name=\"robots\" content=\"index, follow, max-snippet:-1, max-image-preview:large, max-video-preview:-1\" \/>\n<link rel=\"canonical\" href=\"https:\/\/lcl-optika.hr\/hr\/product\/mojdan-toric-dnevno\/\" \/>\n<meta property=\"og:locale\" content=\"hr_HR\" \/>\n<meta property=\"og:type\" content=\"article\" \/>\n<meta property=\"og:title\" content=\"MyDay Toric (Daily) | LCL Optika\" \/>\n<meta property=\"og:description\" content=\"Discover the convenience and comfort of MyDay eye lenses. These daily disposable lenses offer clear and sharp vision, making them perfect for...\" \/>\n<meta property=\"og:url\" content=\"https:\/\/lcl-optika.hr\/hr\/product\/mojdan-toric-dnevno\/\" \/>\n<meta property=\"og:site_name\" content=\"LCL Optika\" \/>\n<meta property=\"article:modified_time\" content=\"2023-08-02T07:33:31+00:00\" \/>\n<meta property=\"og:image\" content=\"https:\/\/lcl-optika.hr\/wp-content\/uploads\/2023\/07\/10.jpg\" \/>\n\t<meta property=\"og:image:width\" content=\"480\" \/>\n\t<meta property=\"og:image:height\" content=\"388\" \/>\n\t<meta property=\"og:image:type\" content=\"image\/jpeg\" \/>\n<meta name=\"twitter:card\" content=\"summary_large_image\" \/>\n<meta name=\"twitter:label1\" content=\"Procijenjeno vrijeme \u010ditanja\" \/>\n\t<meta name=\"twitter:data1\" content=\"1 minuta\" \/>\n<script type=\"application\/ld+json\" class=\"yoast-schema-graph\">{\"@context\":\"https:\/\/schema.org\",\"@graph\":[{\"@type\":\"WebPage\",\"@id\":\"https:\/\/lcl-optika.hr\/product\/myday-toric-daily\/\",\"url\":\"https:\/\/lcl-optika.hr\/product\/myday-toric-daily\/\",\"name\":\"MyDay Toric (Daily) | LCL Optika\",\"isPartOf\":{\"@id\":\"https:\/\/lcl-optika.hr\/#website\"},\"primaryImageOfPage\":{\"@id\":\"https:\/\/lcl-optika.hr\/product\/myday-toric-daily\/#primaryimage\"},\"image\":{\"@id\":\"https:\/\/lcl-optika.hr\/product\/myday-toric-daily\/#primaryimage\"},\"thumbnailUrl\":\"https:\/\/lcl-optika.hr\/wp-content\/uploads\/2023\/07\/10.jpg\",\"datePublished\":\"2023-07-26T09:11:16+00:00\",\"dateModified\":\"2023-08-02T07:33:31+00:00\",\"description\":\"Discover the convenience and comfort of MyDay eye lenses. These daily disposable lenses offer clear and sharp vision, making them perfect for...\",\"breadcrumb\":{\"@id\":\"https:\/\/lcl-optika.hr\/product\/myday-toric-daily\/#breadcrumb\"},\"inLanguage\":\"hr\",\"potentialAction\":[{\"@type\":\"ReadAction\",\"target\":[\"https:\/\/lcl-optika.hr\/product\/myday-toric-daily\/\"]}]},{\"@type\":\"ImageObject\",\"inLanguage\":\"hr\",\"@id\":\"https:\/\/lcl-optika.hr\/product\/myday-toric-daily\/#primaryimage\",\"url\":\"https:\/\/lcl-optika.hr\/wp-content\/uploads\/2023\/07\/10.jpg\",\"contentUrl\":\"https:\/\/lcl-optika.hr\/wp-content\/uploads\/2023\/07\/10.jpg\",\"width\":480,\"height\":388},{\"@type\":\"BreadcrumbList\",\"@id\":\"https:\/\/lcl-optika.hr\/product\/myday-toric-daily\/#breadcrumb\",\"itemListElement\":[{\"@type\":\"ListItem\",\"position\":1,\"name\":\"Home\",\"item\":\"https:\/\/lcl-optika.hr\/\"},{\"@type\":\"ListItem\",\"position\":2,\"name\":\"Shop\",\"item\":\"https:\/\/lcl-optika.hr\/shop\/\"},{\"@type\":\"ListItem\",\"position\":3,\"name\":\"MyDay Toric (Daily)\"}]},{\"@type\":\"WebSite\",\"@id\":\"https:\/\/lcl-optika.hr\/#website\",\"url\":\"https:\/\/lcl-optika.hr\/\",\"name\":\"LCL Optika\",\"description\":\"Handmade Eyewear since 1988.\",\"publisher\":{\"@id\":\"https:\/\/lcl-optika.hr\/#organization\"},\"alternateName\":\"LCL Optics\",\"potentialAction\":[{\"@type\":\"SearchAction\",\"target\":{\"@type\":\"EntryPoint\",\"urlTemplate\":\"https:\/\/lcl-optika.hr\/?s={search_term_string}\"},\"query-input\":{\"@type\":\"PropertyValueSpecification\",\"valueRequired\":true,\"valueName\":\"search_term_string\"}}],\"inLanguage\":\"hr\"},{\"@type\":\"Organization\",\"@id\":\"https:\/\/lcl-optika.hr\/#organization\",\"name\":\"LCL Optika\",\"alternateName\":\"LCL Optics\",\"url\":\"https:\/\/lcl-optika.hr\/\",\"logo\":{\"@type\":\"ImageObject\",\"inLanguage\":\"hr\",\"@id\":\"https:\/\/lcl-optika.hr\/#\/schema\/logo\/image\/\",\"url\":\"https:\/\/lcl-optika.hr\/wp-content\/uploads\/2023\/07\/LCL-Optika-2.png\",\"contentUrl\":\"https:\/\/lcl-optika.hr\/wp-content\/uploads\/2023\/07\/LCL-Optika-2.png\",\"width\":700,\"height\":500,\"caption\":\"LCL Optika\"},\"image\":{\"@id\":\"https:\/\/lcl-optika.hr\/#\/schema\/logo\/image\/\"}}]}<\/script>\n<!-- \/ Yoast SEO plugin. -->","yoast_head_json":{"title":"MyDay Toric (Daily) | LCL Optika","description":"Discover the convenience and comfort of MyDay eye lenses. These daily disposable lenses offer clear and sharp vision, making them perfect for...","robots":{"index":"index","follow":"follow","max-snippet":"max-snippet:-1","max-image-preview":"max-image-preview:large","max-video-preview":"max-video-preview:-1"},"canonical":"https:\/\/lcl-optika.hr\/hr\/product\/mojdan-toric-dnevno\/","og_locale":"hr_HR","og_type":"article","og_title":"MyDay Toric (Daily) | LCL Optika","og_description":"Discover the convenience and comfort of MyDay eye lenses. These daily disposable lenses offer clear and sharp vision, making them perfect for...","og_url":"https:\/\/lcl-optika.hr\/hr\/product\/mojdan-toric-dnevno\/","og_site_name":"LCL Optika","article_modified_time":"2023-08-02T07:33:31+00:00","og_image":[{"width":480,"height":388,"url":"https:\/\/lcl-optika.hr\/wp-content\/uploads\/2023\/07\/10.jpg","type":"image\/jpeg"}],"twitter_card":"summary_large_image","twitter_misc":{"Procijenjeno vrijeme \u010ditanja":"1 minuta"},"schema":{"@context":"https:\/\/schema.org","@graph":[{"@type":"WebPage","@id":"https:\/\/lcl-optika.hr\/product\/myday-toric-daily\/","url":"https:\/\/lcl-optika.hr\/product\/myday-toric-daily\/","name":"MyDay Toric (Daily) | LCL Optika","isPartOf":{"@id":"https:\/\/lcl-optika.hr\/#website"},"primaryImageOfPage":{"@id":"https:\/\/lcl-optika.hr\/product\/myday-toric-daily\/#primaryimage"},"image":{"@id":"https:\/\/lcl-optika.hr\/product\/myday-toric-daily\/#primaryimage"},"thumbnailUrl":"https:\/\/lcl-optika.hr\/wp-content\/uploads\/2023\/07\/10.jpg","datePublished":"2023-07-26T09:11:16+00:00","dateModified":"2023-08-02T07:33:31+00:00","description":"Discover the convenience and comfort of MyDay eye lenses. These daily disposable lenses offer clear and sharp vision, making them perfect for...","breadcrumb":{"@id":"https:\/\/lcl-optika.hr\/product\/myday-toric-daily\/#breadcrumb"},"inLanguage":"hr","potentialAction":[{"@type":"ReadAction","target":["https:\/\/lcl-optika.hr\/product\/myday-toric-daily\/"]}]},{"@type":"ImageObject","inLanguage":"hr","@id":"https:\/\/lcl-optika.hr\/product\/myday-toric-daily\/#primaryimage","url":"https:\/\/lcl-optika.hr\/wp-content\/uploads\/2023\/07\/10.jpg","contentUrl":"https:\/\/lcl-optika.hr\/wp-content\/uploads\/2023\/07\/10.jpg","width":480,"height":388},{"@type":"BreadcrumbList","@id":"https:\/\/lcl-optika.hr\/product\/myday-toric-daily\/#breadcrumb","itemListElement":[{"@type":"ListItem","position":1,"name":"Home","item":"https:\/\/lcl-optika.hr\/"},{"@type":"ListItem","position":2,"name":"Shop","item":"https:\/\/lcl-optika.hr\/shop\/"},{"@type":"ListItem","position":3,"name":"MyDay Toric (Daily)"}]},{"@type":"WebSite","@id":"https:\/\/lcl-optika.hr\/#website","url":"https:\/\/lcl-optika.hr\/","name":"LCL Optika","description":"Handmade Eyewear since 1988.","publisher":{"@id":"https:\/\/lcl-optika.hr\/#organization"},"alternateName":"LCL Optics","potentialAction":[{"@type":"SearchAction","target":{"@type":"EntryPoint","urlTemplate":"https:\/\/lcl-optika.hr\/?s={search_term_string}"},"query-input":{"@type":"PropertyValueSpecification","valueRequired":true,"valueName":"search_term_string"}}],"inLanguage":"hr"},{"@type":"Organization","@id":"https:\/\/lcl-optika.hr\/#organization","name":"LCL Optika","alternateName":"LCL Optics","url":"https:\/\/lcl-optika.hr\/","logo":{"@type":"ImageObject","inLanguage":"hr","@id":"https:\/\/lcl-optika.hr\/#\/schema\/logo\/image\/","url":"https:\/\/lcl-optika.hr\/wp-content\/uploads\/2023\/07\/LCL-Optika-2.png","contentUrl":"https:\/\/lcl-optika.hr\/wp-content\/uploads\/2023\/07\/LCL-Optika-2.png","width":700,"height":500,"caption":"LCL Optika"},"image":{"@id":"https:\/\/lcl-optika.hr\/#\/schema\/logo\/image\/"}}]}},"_links":{"self":[{"href":"https:\/\/lcl-optika.hr\/hr\/wp-json\/wp\/v2\/product\/961","targetHints":{"allow":["GET"]}}],"collection":[{"href":"https:\/\/lcl-optika.hr\/hr\/wp-json\/wp\/v2\/product"}],"about":[{"href":"https:\/\/lcl-optika.hr\/hr\/wp-json\/wp\/v2\/types\/product"}],"replies":[{"embeddable":true,"href":"https:\/\/lcl-optika.hr\/hr\/wp-json\/wp\/v2\/comments?post=961"}],"version-history":[{"count":2,"href":"https:\/\/lcl-optika.hr\/hr\/wp-json\/wp\/v2\/product\/961\/revisions"}],"predecessor-version":[{"id":964,"href":"https:\/\/lcl-optika.hr\/hr\/wp-json\/wp\/v2\/product\/961\/revisions\/964"}],"wp:featuredmedia":[{"embeddable":true,"href":"https:\/\/lcl-optika.hr\/hr\/wp-json\/wp\/v2\/media\/936"}],"wp:attachment":[{"href":"https:\/\/lcl-optika.hr\/hr\/wp-json\/wp\/v2\/media?parent=961"}],"wp:term":[{"taxonomy":"product_cat","embeddable":true,"href":"https:\/\/lcl-optika.hr\/hr\/wp-json\/wp\/v2\/product_cat?post=961"},{"taxonomy":"product_tag","embeddable":true,"href":"https:\/\/lcl-optika.hr\/hr\/wp-json\/wp\/v2\/product_tag?post=961"}],"curies":[{"name":"wp","href":"https:\/\/api.w.org\/{rel}","templated":true}]}}