{"id":957,"date":"2023-07-26T11:07:49","date_gmt":"2023-07-26T09:07:49","guid":{"rendered":"https:\/\/lcl-optika.hr\/?post_type=product&#038;p=957"},"modified":"2023-08-02T09:33:21","modified_gmt":"2023-08-02T07:33:21","slug":"proclear-1-day-daily","status":"publish","type":"product","link":"https:\/\/lcl-optika.hr\/hr\/product\/proclear-1-dan-dnevno\/","title":{"rendered":"Proclear 1 dan (dnevno)"},"content":{"rendered":"<p>Do\u017eivite neusporedivu jasno\u0107u i udobnost s Proclear le\u0107ama za o\u010di. Ove mjese\u010dne jednokratne le\u0107e nude iznimnu hidrataciju, osiguravaju\u0107i dugotrajno no\u0161enje bez suho\u0107e ili neugode. Uz naprednu PC tehnologiju, Proclear le\u0107e zadr\u017eavaju vlagu i pru\u017eaju cjelodnevnu svje\u017einu va\u0161im o\u010dima. Bilo da radite u uredu ili provodite vrijeme vani, Proclear le\u0107e odr\u017eavaju va\u0161 vid o\u0161trim i jasnim. Recite zbogom iritaciji i pozdravite jasan, ugodan vid uz Proclear le\u0107e za o\u010di.<\/p>","protected":false},"excerpt":{"rendered":"<table>\n<tbody>\n<tr>\n<td>8,7 mm (osnovna krivulja)<\/td>\n<\/tr>\n<tr>\n<td>14,2 mm (promjer)<\/td>\n<\/tr>\n<tr>\n<td>-12.00 do +8.00 D (snaga)<\/td>\n<\/tr>\n<\/tbody>\n<\/table>","protected":false},"featured_media":934,"comment_status":"open","ping_status":"closed","template":"","meta":{"site-sidebar-layout":"default","site-content-layout":"default","ast-site-content-layout":"","site-content-style":"default","site-sidebar-style":"default","ast-global-header-display":"","ast-banner-title-visibility":"","ast-main-header-display":"","ast-hfb-above-header-display":"","ast-hfb-below-header-display":"","ast-hfb-mobile-header-display":"","site-post-title":"","ast-breadcrumbs-content":"","ast-featured-img":"","footer-sml-layout":"","theme-transparent-header-meta":"default","adv-header-id-meta":"","stick-header-meta":"default","header-above-stick-meta":"","header-main-stick-meta":"","header-below-stick-meta":"","astra-migrate-meta-layouts":"default","ast-page-background-enabled":"default","ast-page-background-meta":{"desktop":{"background-color":"var(--ast-global-color-4)","background-image":"","background-repeat":"repeat","background-position":"center center","background-size":"auto","background-attachment":"scroll","background-type":"","background-media":"","overlay-type":"","overlay-color":"","overlay-opacity":"","overlay-gradient":""},"tablet":{"background-color":"","background-image":"","background-repeat":"repeat","background-position":"center center","background-size":"auto","background-attachment":"scroll","background-type":"","background-media":"","overlay-type":"","overlay-color":"","overlay-opacity":"","overlay-gradient":""},"mobile":{"background-color":"","background-image":"","background-repeat":"repeat","background-position":"center center","background-size":"auto","background-attachment":"scroll","background-type":"","background-media":"","overlay-type":"","overlay-color":"","overlay-opacity":"","overlay-gradient":""}},"ast-content-background-meta":{"desktop":{"background-color":"var(--ast-global-color-5)","background-image":"","background-repeat":"repeat","background-position":"center center","background-size":"auto","background-attachment":"scroll","background-type":"","background-media":"","overlay-type":"","overlay-color":"","overlay-opacity":"","overlay-gradient":""},"tablet":{"background-color":"var(--ast-global-color-5)","background-image":"","background-repeat":"repeat","background-position":"center center","background-size":"auto","background-attachment":"scroll","background-type":"","background-media":"","overlay-type":"","overlay-color":"","overlay-opacity":"","overlay-gradient":""},"mobile":{"background-color":"var(--ast-global-color-5)","background-image":"","background-repeat":"repeat","background-position":"center center","background-size":"auto","background-attachment":"scroll","background-type":"","background-media":"","overlay-type":"","overlay-color":"","overlay-opacity":"","overlay-gradient":""}}},"product_cat":[45],"product_tag":[],"class_list":{"0":"post-957","1":"product","2":"type-product","3":"status-publish","4":"has-post-thumbnail","6":"product_cat-contact-lenses","7":"desktop-align-center","8":"tablet-align-left","9":"mobile-align-left","10":"ast-product-gallery-layout-first-image-large","11":"ast-product-gallery-with-no-image","12":"ast-product-tabs-layout-distributed","13":"ast-qv-on-image","15":"first","16":"instock","17":"shipping-taxable","18":"product-type-simple"},"yoast_head":"<!-- This site is optimized with the Yoast SEO plugin v23.6 - https:\/\/yoast.com\/wordpress\/plugins\/seo\/ -->\n<title>Proclear 1 Day (Daily) | LCL Optika<\/title>\n<meta name=\"description\" content=\"Experience unmatched clarity and comfort with Proclear eye lenses. These monthly disposable lenses offer exceptional hydration...\" \/>\n<meta name=\"robots\" content=\"index, follow, max-snippet:-1, max-image-preview:large, max-video-preview:-1\" \/>\n<link rel=\"canonical\" href=\"https:\/\/lcl-optika.hr\/hr\/product\/proclear-1-dan-dnevno\/\" \/>\n<meta property=\"og:locale\" content=\"hr_HR\" \/>\n<meta property=\"og:type\" content=\"article\" \/>\n<meta property=\"og:title\" content=\"Proclear 1 Day (Daily) | LCL Optika\" \/>\n<meta property=\"og:description\" content=\"Experience unmatched clarity and comfort with Proclear eye lenses. These monthly disposable lenses offer exceptional hydration...\" \/>\n<meta property=\"og:url\" content=\"https:\/\/lcl-optika.hr\/hr\/product\/proclear-1-dan-dnevno\/\" \/>\n<meta property=\"og:site_name\" content=\"LCL Optika\" \/>\n<meta property=\"article:modified_time\" content=\"2023-08-02T07:33:21+00:00\" \/>\n<meta property=\"og:image\" content=\"https:\/\/lcl-optika.hr\/wp-content\/uploads\/2023\/07\/8.jpg\" \/>\n\t<meta property=\"og:image:width\" content=\"480\" \/>\n\t<meta property=\"og:image:height\" content=\"388\" \/>\n\t<meta property=\"og:image:type\" content=\"image\/jpeg\" \/>\n<meta name=\"twitter:card\" content=\"summary_large_image\" \/>\n<meta name=\"twitter:label1\" content=\"Procijenjeno vrijeme \u010ditanja\" \/>\n\t<meta name=\"twitter:data1\" content=\"1 minuta\" \/>\n<script type=\"application\/ld+json\" class=\"yoast-schema-graph\">{\"@context\":\"https:\/\/schema.org\",\"@graph\":[{\"@type\":\"WebPage\",\"@id\":\"https:\/\/lcl-optika.hr\/product\/proclear-1-day-daily\/\",\"url\":\"https:\/\/lcl-optika.hr\/product\/proclear-1-day-daily\/\",\"name\":\"Proclear 1 Day (Daily) | LCL Optika\",\"isPartOf\":{\"@id\":\"https:\/\/lcl-optika.hr\/#website\"},\"primaryImageOfPage\":{\"@id\":\"https:\/\/lcl-optika.hr\/product\/proclear-1-day-daily\/#primaryimage\"},\"image\":{\"@id\":\"https:\/\/lcl-optika.hr\/product\/proclear-1-day-daily\/#primaryimage\"},\"thumbnailUrl\":\"https:\/\/lcl-optika.hr\/wp-content\/uploads\/2023\/07\/8.jpg\",\"datePublished\":\"2023-07-26T09:07:49+00:00\",\"dateModified\":\"2023-08-02T07:33:21+00:00\",\"description\":\"Experience unmatched clarity and comfort with Proclear eye lenses. These monthly disposable lenses offer exceptional hydration...\",\"breadcrumb\":{\"@id\":\"https:\/\/lcl-optika.hr\/product\/proclear-1-day-daily\/#breadcrumb\"},\"inLanguage\":\"hr\",\"potentialAction\":[{\"@type\":\"ReadAction\",\"target\":[\"https:\/\/lcl-optika.hr\/product\/proclear-1-day-daily\/\"]}]},{\"@type\":\"ImageObject\",\"inLanguage\":\"hr\",\"@id\":\"https:\/\/lcl-optika.hr\/product\/proclear-1-day-daily\/#primaryimage\",\"url\":\"https:\/\/lcl-optika.hr\/wp-content\/uploads\/2023\/07\/8.jpg\",\"contentUrl\":\"https:\/\/lcl-optika.hr\/wp-content\/uploads\/2023\/07\/8.jpg\",\"width\":480,\"height\":388},{\"@type\":\"BreadcrumbList\",\"@id\":\"https:\/\/lcl-optika.hr\/product\/proclear-1-day-daily\/#breadcrumb\",\"itemListElement\":[{\"@type\":\"ListItem\",\"position\":1,\"name\":\"Home\",\"item\":\"https:\/\/lcl-optika.hr\/\"},{\"@type\":\"ListItem\",\"position\":2,\"name\":\"Shop\",\"item\":\"https:\/\/lcl-optika.hr\/shop\/\"},{\"@type\":\"ListItem\",\"position\":3,\"name\":\"Proclear 1 Day (Daily)\"}]},{\"@type\":\"WebSite\",\"@id\":\"https:\/\/lcl-optika.hr\/#website\",\"url\":\"https:\/\/lcl-optika.hr\/\",\"name\":\"LCL Optika\",\"description\":\"Handmade Eyewear since 1988.\",\"publisher\":{\"@id\":\"https:\/\/lcl-optika.hr\/#organization\"},\"alternateName\":\"LCL Optics\",\"potentialAction\":[{\"@type\":\"SearchAction\",\"target\":{\"@type\":\"EntryPoint\",\"urlTemplate\":\"https:\/\/lcl-optika.hr\/?s={search_term_string}\"},\"query-input\":{\"@type\":\"PropertyValueSpecification\",\"valueRequired\":true,\"valueName\":\"search_term_string\"}}],\"inLanguage\":\"hr\"},{\"@type\":\"Organization\",\"@id\":\"https:\/\/lcl-optika.hr\/#organization\",\"name\":\"LCL Optika\",\"alternateName\":\"LCL Optics\",\"url\":\"https:\/\/lcl-optika.hr\/\",\"logo\":{\"@type\":\"ImageObject\",\"inLanguage\":\"hr\",\"@id\":\"https:\/\/lcl-optika.hr\/#\/schema\/logo\/image\/\",\"url\":\"https:\/\/lcl-optika.hr\/wp-content\/uploads\/2023\/07\/LCL-Optika-2.png\",\"contentUrl\":\"https:\/\/lcl-optika.hr\/wp-content\/uploads\/2023\/07\/LCL-Optika-2.png\",\"width\":700,\"height\":500,\"caption\":\"LCL Optika\"},\"image\":{\"@id\":\"https:\/\/lcl-optika.hr\/#\/schema\/logo\/image\/\"}}]}<\/script>\n<!-- \/ Yoast SEO plugin. -->","yoast_head_json":{"title":"Proclear 1 Day (Daily) | LCL Optika","description":"Experience unmatched clarity and comfort with Proclear eye lenses. These monthly disposable lenses offer exceptional hydration...","robots":{"index":"index","follow":"follow","max-snippet":"max-snippet:-1","max-image-preview":"max-image-preview:large","max-video-preview":"max-video-preview:-1"},"canonical":"https:\/\/lcl-optika.hr\/hr\/product\/proclear-1-dan-dnevno\/","og_locale":"hr_HR","og_type":"article","og_title":"Proclear 1 Day (Daily) | LCL Optika","og_description":"Experience unmatched clarity and comfort with Proclear eye lenses. These monthly disposable lenses offer exceptional hydration...","og_url":"https:\/\/lcl-optika.hr\/hr\/product\/proclear-1-dan-dnevno\/","og_site_name":"LCL Optika","article_modified_time":"2023-08-02T07:33:21+00:00","og_image":[{"width":480,"height":388,"url":"https:\/\/lcl-optika.hr\/wp-content\/uploads\/2023\/07\/8.jpg","type":"image\/jpeg"}],"twitter_card":"summary_large_image","twitter_misc":{"Procijenjeno vrijeme \u010ditanja":"1 minuta"},"schema":{"@context":"https:\/\/schema.org","@graph":[{"@type":"WebPage","@id":"https:\/\/lcl-optika.hr\/product\/proclear-1-day-daily\/","url":"https:\/\/lcl-optika.hr\/product\/proclear-1-day-daily\/","name":"Proclear 1 Day (Daily) | LCL Optika","isPartOf":{"@id":"https:\/\/lcl-optika.hr\/#website"},"primaryImageOfPage":{"@id":"https:\/\/lcl-optika.hr\/product\/proclear-1-day-daily\/#primaryimage"},"image":{"@id":"https:\/\/lcl-optika.hr\/product\/proclear-1-day-daily\/#primaryimage"},"thumbnailUrl":"https:\/\/lcl-optika.hr\/wp-content\/uploads\/2023\/07\/8.jpg","datePublished":"2023-07-26T09:07:49+00:00","dateModified":"2023-08-02T07:33:21+00:00","description":"Experience unmatched clarity and comfort with Proclear eye lenses. These monthly disposable lenses offer exceptional hydration...","breadcrumb":{"@id":"https:\/\/lcl-optika.hr\/product\/proclear-1-day-daily\/#breadcrumb"},"inLanguage":"hr","potentialAction":[{"@type":"ReadAction","target":["https:\/\/lcl-optika.hr\/product\/proclear-1-day-daily\/"]}]},{"@type":"ImageObject","inLanguage":"hr","@id":"https:\/\/lcl-optika.hr\/product\/proclear-1-day-daily\/#primaryimage","url":"https:\/\/lcl-optika.hr\/wp-content\/uploads\/2023\/07\/8.jpg","contentUrl":"https:\/\/lcl-optika.hr\/wp-content\/uploads\/2023\/07\/8.jpg","width":480,"height":388},{"@type":"BreadcrumbList","@id":"https:\/\/lcl-optika.hr\/product\/proclear-1-day-daily\/#breadcrumb","itemListElement":[{"@type":"ListItem","position":1,"name":"Home","item":"https:\/\/lcl-optika.hr\/"},{"@type":"ListItem","position":2,"name":"Shop","item":"https:\/\/lcl-optika.hr\/shop\/"},{"@type":"ListItem","position":3,"name":"Proclear 1 Day (Daily)"}]},{"@type":"WebSite","@id":"https:\/\/lcl-optika.hr\/#website","url":"https:\/\/lcl-optika.hr\/","name":"LCL Optika","description":"Handmade Eyewear since 1988.","publisher":{"@id":"https:\/\/lcl-optika.hr\/#organization"},"alternateName":"LCL Optics","potentialAction":[{"@type":"SearchAction","target":{"@type":"EntryPoint","urlTemplate":"https:\/\/lcl-optika.hr\/?s={search_term_string}"},"query-input":{"@type":"PropertyValueSpecification","valueRequired":true,"valueName":"search_term_string"}}],"inLanguage":"hr"},{"@type":"Organization","@id":"https:\/\/lcl-optika.hr\/#organization","name":"LCL Optika","alternateName":"LCL Optics","url":"https:\/\/lcl-optika.hr\/","logo":{"@type":"ImageObject","inLanguage":"hr","@id":"https:\/\/lcl-optika.hr\/#\/schema\/logo\/image\/","url":"https:\/\/lcl-optika.hr\/wp-content\/uploads\/2023\/07\/LCL-Optika-2.png","contentUrl":"https:\/\/lcl-optika.hr\/wp-content\/uploads\/2023\/07\/LCL-Optika-2.png","width":700,"height":500,"caption":"LCL Optika"},"image":{"@id":"https:\/\/lcl-optika.hr\/#\/schema\/logo\/image\/"}}]}},"_links":{"self":[{"href":"https:\/\/lcl-optika.hr\/hr\/wp-json\/wp\/v2\/product\/957","targetHints":{"allow":["GET"]}}],"collection":[{"href":"https:\/\/lcl-optika.hr\/hr\/wp-json\/wp\/v2\/product"}],"about":[{"href":"https:\/\/lcl-optika.hr\/hr\/wp-json\/wp\/v2\/types\/product"}],"replies":[{"embeddable":true,"href":"https:\/\/lcl-optika.hr\/hr\/wp-json\/wp\/v2\/comments?post=957"}],"version-history":[{"count":1,"href":"https:\/\/lcl-optika.hr\/hr\/wp-json\/wp\/v2\/product\/957\/revisions"}],"predecessor-version":[{"id":958,"href":"https:\/\/lcl-optika.hr\/hr\/wp-json\/wp\/v2\/product\/957\/revisions\/958"}],"wp:featuredmedia":[{"embeddable":true,"href":"https:\/\/lcl-optika.hr\/hr\/wp-json\/wp\/v2\/media\/934"}],"wp:attachment":[{"href":"https:\/\/lcl-optika.hr\/hr\/wp-json\/wp\/v2\/media?parent=957"}],"wp:term":[{"taxonomy":"product_cat","embeddable":true,"href":"https:\/\/lcl-optika.hr\/hr\/wp-json\/wp\/v2\/product_cat?post=957"},{"taxonomy":"product_tag","embeddable":true,"href":"https:\/\/lcl-optika.hr\/hr\/wp-json\/wp\/v2\/product_tag?post=957"}],"curies":[{"name":"wp","href":"https:\/\/api.w.org\/{rel}","templated":true}]}}