{"id":1024,"date":"2023-07-26T11:58:58","date_gmt":"2023-07-26T09:58:58","guid":{"rendered":"https:\/\/lcl-optika.hr\/?post_type=product&#038;p=1024"},"modified":"2023-08-02T09:28:12","modified_gmt":"2023-08-02T07:28:12","slug":"air-optix-for-astigmatism-monthly","status":"publish","type":"product","link":"https:\/\/lcl-optika.hr\/hr\/product\/air-optix-za-astigmatizam-mjesecno\/","title":{"rendered":"Air Optix za astigmatizam (mjese\u010dno)"},"content":{"rendered":"<div class=\"flex flex-grow flex-col gap-3\">\n<div class=\"min-h-[20px] flex items-start overflow-x-auto whitespace-pre-wrap break-words flex-col gap-4\">\n<div class=\"markdown prose w-full break-words dark:prose-invert light\">\n<div class=\"flex flex-grow flex-col gap-3\">\n<div class=\"min-h-[20px] flex items-start overflow-x-auto whitespace-pre-wrap break-words flex-col gap-4\">\n<div class=\"markdown prose w-full break-words dark:prose-invert light\">\n<div class=\"flex flex-grow flex-col gap-3\">\n<div class=\"min-h-[20px] flex items-start overflow-x-auto whitespace-pre-wrap break-words flex-col gap-4\">\n<div class=\"markdown prose w-full break-words dark:prose-invert light\">\n<div class=\"flex flex-grow flex-col gap-3\">\n<div class=\"min-h-[20px] flex items-start overflow-x-auto whitespace-pre-wrap break-words flex-col gap-4\">\n<div class=\"markdown prose w-full break-words dark:prose-invert light\">\n<div class=\"flex flex-grow flex-col gap-3\">\n<div class=\"min-h-[20px] flex items-start overflow-x-auto whitespace-pre-wrap break-words flex-col gap-4\">\n<div class=\"markdown prose w-full break-words dark:prose-invert light\">\n<p>Otkrijte Air Optix le\u0107e za o\u010di, utjelovljenje jasno\u0107e i udobnosti. Ove vrhunske le\u0107e nude izvanrednu korekciju vida, osiguravaju\u0107i besprijekorno i ugodno iskustvo tijekom dana. Sa svojim naprednim dizajnom i prozra\u010dnim materijalom, Air Optix le\u0107e pru\u017eaju udobno pristajanje za dulje no\u0161enje. Prihvatite slobodu kristalno jasnog vida uz Air Optix le\u0107e za o\u010di, \u010dine\u0107i svaki trenutak \u017eivahnijim i fokusiranijim.<\/p>\n<\/div>\n<\/div>\n<\/div>\n<\/div>\n<\/div>\n<\/div>\n<\/div>\n<\/div>\n<\/div>\n<\/div>\n<\/div>\n<\/div>\n<\/div>\n<\/div>\n<\/div>","protected":false},"excerpt":{"rendered":"<table>\n<tbody>\n<tr>\n<td>8,7 mm (osnovna krivulja)<\/td>\n<\/tr>\n<tr>\n<td>14,5 mm (promjer)<\/td>\n<\/tr>\n<tr>\n<td>-6,00 do +6,00 D (snaga)<\/td>\n<\/tr>\n<\/tbody>\n<\/table>","protected":false},"featured_media":999,"comment_status":"open","ping_status":"closed","template":"","meta":{"site-sidebar-layout":"default","site-content-layout":"default","ast-site-content-layout":"","site-content-style":"default","site-sidebar-style":"default","ast-global-header-display":"","ast-banner-title-visibility":"","ast-main-header-display":"","ast-hfb-above-header-display":"","ast-hfb-below-header-display":"","ast-hfb-mobile-header-display":"","site-post-title":"","ast-breadcrumbs-content":"","ast-featured-img":"","footer-sml-layout":"","theme-transparent-header-meta":"default","adv-header-id-meta":"","stick-header-meta":"default","header-above-stick-meta":"","header-main-stick-meta":"","header-below-stick-meta":"","astra-migrate-meta-layouts":"default","ast-page-background-enabled":"default","ast-page-background-meta":{"desktop":{"background-color":"var(--ast-global-color-4)","background-image":"","background-repeat":"repeat","background-position":"center center","background-size":"auto","background-attachment":"scroll","background-type":"","background-media":"","overlay-type":"","overlay-color":"","overlay-opacity":"","overlay-gradient":""},"tablet":{"background-color":"","background-image":"","background-repeat":"repeat","background-position":"center center","background-size":"auto","background-attachment":"scroll","background-type":"","background-media":"","overlay-type":"","overlay-color":"","overlay-opacity":"","overlay-gradient":""},"mobile":{"background-color":"","background-image":"","background-repeat":"repeat","background-position":"center center","background-size":"auto","background-attachment":"scroll","background-type":"","background-media":"","overlay-type":"","overlay-color":"","overlay-opacity":"","overlay-gradient":""}},"ast-content-background-meta":{"desktop":{"background-color":"var(--ast-global-color-5)","background-image":"","background-repeat":"repeat","background-position":"center center","background-size":"auto","background-attachment":"scroll","background-type":"","background-media":"","overlay-type":"","overlay-color":"","overlay-opacity":"","overlay-gradient":""},"tablet":{"background-color":"var(--ast-global-color-5)","background-image":"","background-repeat":"repeat","background-position":"center center","background-size":"auto","background-attachment":"scroll","background-type":"","background-media":"","overlay-type":"","overlay-color":"","overlay-opacity":"","overlay-gradient":""},"mobile":{"background-color":"var(--ast-global-color-5)","background-image":"","background-repeat":"repeat","background-position":"center center","background-size":"auto","background-attachment":"scroll","background-type":"","background-media":"","overlay-type":"","overlay-color":"","overlay-opacity":"","overlay-gradient":""}}},"product_cat":[45],"product_tag":[60],"class_list":{"0":"post-1024","1":"product","2":"type-product","3":"status-publish","4":"has-post-thumbnail","6":"product_cat-contact-lenses","7":"product_tag-astigmatism","8":"desktop-align-center","9":"tablet-align-left","10":"mobile-align-left","11":"ast-product-gallery-layout-first-image-large","12":"ast-product-gallery-with-no-image","13":"ast-product-single-variable","14":"ast-product-tabs-layout-distributed","15":"ast-qv-on-image","17":"first","18":"instock","19":"shipping-taxable","20":"purchasable","21":"product-type-variable"},"yoast_head":"<!-- This site is optimized with the Yoast SEO plugin v23.6 - https:\/\/yoast.com\/wordpress\/plugins\/seo\/ -->\n<title>Air Optix for Astigmatism (Monthly) | LCL Optika<\/title>\n<meta name=\"description\" content=\"Discover Air Optix eye lenses, the epitome of clarity and comfort. These premium lenses offer outstanding vision correction, ensuring...\" \/>\n<meta name=\"robots\" content=\"index, follow, max-snippet:-1, max-image-preview:large, max-video-preview:-1\" \/>\n<link rel=\"canonical\" href=\"https:\/\/lcl-optika.hr\/hr\/product\/air-optix-za-astigmatizam-mjesecno\/\" \/>\n<meta property=\"og:locale\" content=\"hr_HR\" \/>\n<meta property=\"og:type\" content=\"article\" \/>\n<meta property=\"og:title\" content=\"Air Optix for Astigmatism (Monthly) | LCL Optika\" \/>\n<meta property=\"og:description\" content=\"Discover Air Optix eye lenses, the epitome of clarity and comfort. These premium lenses offer outstanding vision correction, ensuring...\" \/>\n<meta property=\"og:url\" content=\"https:\/\/lcl-optika.hr\/hr\/product\/air-optix-za-astigmatizam-mjesecno\/\" \/>\n<meta property=\"og:site_name\" content=\"LCL Optika\" \/>\n<meta property=\"article:modified_time\" content=\"2023-08-02T07:28:12+00:00\" \/>\n<meta property=\"og:image\" content=\"https:\/\/lcl-optika.hr\/wp-content\/uploads\/2023\/07\/34.jpg\" \/>\n\t<meta property=\"og:image:width\" content=\"480\" \/>\n\t<meta property=\"og:image:height\" content=\"388\" \/>\n\t<meta property=\"og:image:type\" content=\"image\/jpeg\" \/>\n<meta name=\"twitter:card\" content=\"summary_large_image\" \/>\n<meta name=\"twitter:label1\" content=\"Procijenjeno vrijeme \u010ditanja\" \/>\n\t<meta name=\"twitter:data1\" content=\"1 minuta\" \/>\n<script type=\"application\/ld+json\" class=\"yoast-schema-graph\">{\"@context\":\"https:\/\/schema.org\",\"@graph\":[{\"@type\":\"WebPage\",\"@id\":\"https:\/\/lcl-optika.hr\/product\/air-optix-for-astigmatism-monthly\/\",\"url\":\"https:\/\/lcl-optika.hr\/product\/air-optix-for-astigmatism-monthly\/\",\"name\":\"Air Optix for Astigmatism (Monthly) | LCL Optika\",\"isPartOf\":{\"@id\":\"https:\/\/lcl-optika.hr\/#website\"},\"primaryImageOfPage\":{\"@id\":\"https:\/\/lcl-optika.hr\/product\/air-optix-for-astigmatism-monthly\/#primaryimage\"},\"image\":{\"@id\":\"https:\/\/lcl-optika.hr\/product\/air-optix-for-astigmatism-monthly\/#primaryimage\"},\"thumbnailUrl\":\"https:\/\/lcl-optika.hr\/wp-content\/uploads\/2023\/07\/34.jpg\",\"datePublished\":\"2023-07-26T09:58:58+00:00\",\"dateModified\":\"2023-08-02T07:28:12+00:00\",\"description\":\"Discover Air Optix eye lenses, the epitome of clarity and comfort. These premium lenses offer outstanding vision correction, ensuring...\",\"breadcrumb\":{\"@id\":\"https:\/\/lcl-optika.hr\/product\/air-optix-for-astigmatism-monthly\/#breadcrumb\"},\"inLanguage\":\"hr\",\"potentialAction\":[{\"@type\":\"ReadAction\",\"target\":[\"https:\/\/lcl-optika.hr\/product\/air-optix-for-astigmatism-monthly\/\"]}]},{\"@type\":\"ImageObject\",\"inLanguage\":\"hr\",\"@id\":\"https:\/\/lcl-optika.hr\/product\/air-optix-for-astigmatism-monthly\/#primaryimage\",\"url\":\"https:\/\/lcl-optika.hr\/wp-content\/uploads\/2023\/07\/34.jpg\",\"contentUrl\":\"https:\/\/lcl-optika.hr\/wp-content\/uploads\/2023\/07\/34.jpg\",\"width\":480,\"height\":388},{\"@type\":\"BreadcrumbList\",\"@id\":\"https:\/\/lcl-optika.hr\/product\/air-optix-for-astigmatism-monthly\/#breadcrumb\",\"itemListElement\":[{\"@type\":\"ListItem\",\"position\":1,\"name\":\"Home\",\"item\":\"https:\/\/lcl-optika.hr\/\"},{\"@type\":\"ListItem\",\"position\":2,\"name\":\"Shop\",\"item\":\"https:\/\/lcl-optika.hr\/shop\/\"},{\"@type\":\"ListItem\",\"position\":3,\"name\":\"Air Optix for Astigmatism (Monthly)\"}]},{\"@type\":\"WebSite\",\"@id\":\"https:\/\/lcl-optika.hr\/#website\",\"url\":\"https:\/\/lcl-optika.hr\/\",\"name\":\"LCL Optika\",\"description\":\"Handmade Eyewear since 1988.\",\"publisher\":{\"@id\":\"https:\/\/lcl-optika.hr\/#organization\"},\"alternateName\":\"LCL Optics\",\"potentialAction\":[{\"@type\":\"SearchAction\",\"target\":{\"@type\":\"EntryPoint\",\"urlTemplate\":\"https:\/\/lcl-optika.hr\/?s={search_term_string}\"},\"query-input\":{\"@type\":\"PropertyValueSpecification\",\"valueRequired\":true,\"valueName\":\"search_term_string\"}}],\"inLanguage\":\"hr\"},{\"@type\":\"Organization\",\"@id\":\"https:\/\/lcl-optika.hr\/#organization\",\"name\":\"LCL Optika\",\"alternateName\":\"LCL Optics\",\"url\":\"https:\/\/lcl-optika.hr\/\",\"logo\":{\"@type\":\"ImageObject\",\"inLanguage\":\"hr\",\"@id\":\"https:\/\/lcl-optika.hr\/#\/schema\/logo\/image\/\",\"url\":\"https:\/\/lcl-optika.hr\/wp-content\/uploads\/2023\/07\/LCL-Optika-2.png\",\"contentUrl\":\"https:\/\/lcl-optika.hr\/wp-content\/uploads\/2023\/07\/LCL-Optika-2.png\",\"width\":700,\"height\":500,\"caption\":\"LCL Optika\"},\"image\":{\"@id\":\"https:\/\/lcl-optika.hr\/#\/schema\/logo\/image\/\"}}]}<\/script>\n<!-- \/ Yoast SEO plugin. -->","yoast_head_json":{"title":"Air Optix for Astigmatism (Monthly) | LCL Optika","description":"Discover Air Optix eye lenses, the epitome of clarity and comfort. These premium lenses offer outstanding vision correction, ensuring...","robots":{"index":"index","follow":"follow","max-snippet":"max-snippet:-1","max-image-preview":"max-image-preview:large","max-video-preview":"max-video-preview:-1"},"canonical":"https:\/\/lcl-optika.hr\/hr\/product\/air-optix-za-astigmatizam-mjesecno\/","og_locale":"hr_HR","og_type":"article","og_title":"Air Optix for Astigmatism (Monthly) | LCL Optika","og_description":"Discover Air Optix eye lenses, the epitome of clarity and comfort. These premium lenses offer outstanding vision correction, ensuring...","og_url":"https:\/\/lcl-optika.hr\/hr\/product\/air-optix-za-astigmatizam-mjesecno\/","og_site_name":"LCL Optika","article_modified_time":"2023-08-02T07:28:12+00:00","og_image":[{"width":480,"height":388,"url":"https:\/\/lcl-optika.hr\/wp-content\/uploads\/2023\/07\/34.jpg","type":"image\/jpeg"}],"twitter_card":"summary_large_image","twitter_misc":{"Procijenjeno vrijeme \u010ditanja":"1 minuta"},"schema":{"@context":"https:\/\/schema.org","@graph":[{"@type":"WebPage","@id":"https:\/\/lcl-optika.hr\/product\/air-optix-for-astigmatism-monthly\/","url":"https:\/\/lcl-optika.hr\/product\/air-optix-for-astigmatism-monthly\/","name":"Air Optix for Astigmatism (Monthly) | LCL Optika","isPartOf":{"@id":"https:\/\/lcl-optika.hr\/#website"},"primaryImageOfPage":{"@id":"https:\/\/lcl-optika.hr\/product\/air-optix-for-astigmatism-monthly\/#primaryimage"},"image":{"@id":"https:\/\/lcl-optika.hr\/product\/air-optix-for-astigmatism-monthly\/#primaryimage"},"thumbnailUrl":"https:\/\/lcl-optika.hr\/wp-content\/uploads\/2023\/07\/34.jpg","datePublished":"2023-07-26T09:58:58+00:00","dateModified":"2023-08-02T07:28:12+00:00","description":"Discover Air Optix eye lenses, the epitome of clarity and comfort. These premium lenses offer outstanding vision correction, ensuring...","breadcrumb":{"@id":"https:\/\/lcl-optika.hr\/product\/air-optix-for-astigmatism-monthly\/#breadcrumb"},"inLanguage":"hr","potentialAction":[{"@type":"ReadAction","target":["https:\/\/lcl-optika.hr\/product\/air-optix-for-astigmatism-monthly\/"]}]},{"@type":"ImageObject","inLanguage":"hr","@id":"https:\/\/lcl-optika.hr\/product\/air-optix-for-astigmatism-monthly\/#primaryimage","url":"https:\/\/lcl-optika.hr\/wp-content\/uploads\/2023\/07\/34.jpg","contentUrl":"https:\/\/lcl-optika.hr\/wp-content\/uploads\/2023\/07\/34.jpg","width":480,"height":388},{"@type":"BreadcrumbList","@id":"https:\/\/lcl-optika.hr\/product\/air-optix-for-astigmatism-monthly\/#breadcrumb","itemListElement":[{"@type":"ListItem","position":1,"name":"Home","item":"https:\/\/lcl-optika.hr\/"},{"@type":"ListItem","position":2,"name":"Shop","item":"https:\/\/lcl-optika.hr\/shop\/"},{"@type":"ListItem","position":3,"name":"Air Optix for Astigmatism (Monthly)"}]},{"@type":"WebSite","@id":"https:\/\/lcl-optika.hr\/#website","url":"https:\/\/lcl-optika.hr\/","name":"LCL Optika","description":"Handmade Eyewear since 1988.","publisher":{"@id":"https:\/\/lcl-optika.hr\/#organization"},"alternateName":"LCL Optics","potentialAction":[{"@type":"SearchAction","target":{"@type":"EntryPoint","urlTemplate":"https:\/\/lcl-optika.hr\/?s={search_term_string}"},"query-input":{"@type":"PropertyValueSpecification","valueRequired":true,"valueName":"search_term_string"}}],"inLanguage":"hr"},{"@type":"Organization","@id":"https:\/\/lcl-optika.hr\/#organization","name":"LCL Optika","alternateName":"LCL Optics","url":"https:\/\/lcl-optika.hr\/","logo":{"@type":"ImageObject","inLanguage":"hr","@id":"https:\/\/lcl-optika.hr\/#\/schema\/logo\/image\/","url":"https:\/\/lcl-optika.hr\/wp-content\/uploads\/2023\/07\/LCL-Optika-2.png","contentUrl":"https:\/\/lcl-optika.hr\/wp-content\/uploads\/2023\/07\/LCL-Optika-2.png","width":700,"height":500,"caption":"LCL Optika"},"image":{"@id":"https:\/\/lcl-optika.hr\/#\/schema\/logo\/image\/"}}]}},"_links":{"self":[{"href":"https:\/\/lcl-optika.hr\/hr\/wp-json\/wp\/v2\/product\/1024","targetHints":{"allow":["GET"]}}],"collection":[{"href":"https:\/\/lcl-optika.hr\/hr\/wp-json\/wp\/v2\/product"}],"about":[{"href":"https:\/\/lcl-optika.hr\/hr\/wp-json\/wp\/v2\/types\/product"}],"replies":[{"embeddable":true,"href":"https:\/\/lcl-optika.hr\/hr\/wp-json\/wp\/v2\/comments?post=1024"}],"version-history":[{"count":1,"href":"https:\/\/lcl-optika.hr\/hr\/wp-json\/wp\/v2\/product\/1024\/revisions"}],"predecessor-version":[{"id":1025,"href":"https:\/\/lcl-optika.hr\/hr\/wp-json\/wp\/v2\/product\/1024\/revisions\/1025"}],"wp:featuredmedia":[{"embeddable":true,"href":"https:\/\/lcl-optika.hr\/hr\/wp-json\/wp\/v2\/media\/999"}],"wp:attachment":[{"href":"https:\/\/lcl-optika.hr\/hr\/wp-json\/wp\/v2\/media?parent=1024"}],"wp:term":[{"taxonomy":"product_cat","embeddable":true,"href":"https:\/\/lcl-optika.hr\/hr\/wp-json\/wp\/v2\/product_cat?post=1024"},{"taxonomy":"product_tag","embeddable":true,"href":"https:\/\/lcl-optika.hr\/hr\/wp-json\/wp\/v2\/product_tag?post=1024"}],"curies":[{"name":"wp","href":"https:\/\/api.w.org\/{rel}","templated":true}]}}